{"id":154,"date":"2025-07-13T19:10:54","date_gmt":"2025-07-13T19:10:54","guid":{"rendered":"https:\/\/www.guyanova.kaissa-consulting.fr\/?page_id=154"},"modified":"2025-07-13T20:47:05","modified_gmt":"2025-07-13T20:47:05","slug":"yanina-agent-ia-pour-mieux-comprendre-guyanovo","status":"publish","type":"page","link":"https:\/\/www.guyanova.kaissa-consulting.fr\/index.php\/yanina-agent-ia-pour-mieux-comprendre-guyanovo\/","title":{"rendered":"Yanina, Agent IA pour mieux comprendre Guyanova"},"content":{"rendered":"\n<div class=\"wp-block-media-text is-stacked-on-mobile\" style=\"grid-template-columns:21% auto\"><figure class=\"wp-block-media-text__media\"><img data-recalc-dims=\"1\" loading=\"lazy\" decoding=\"async\" width=\"348\" height=\"426\" src=\"https:\/\/i0.wp.com\/www.guyanova.kaissa-consulting.fr\/wp-content\/uploads\/2025\/07\/image-1.png?resize=348%2C426\" alt=\"\" class=\"wp-image-253 size-full\" srcset=\"https:\/\/i0.wp.com\/www.guyanova.kaissa-consulting.fr\/wp-content\/uploads\/2025\/07\/image-1.png?w=348&amp;ssl=1 348w, https:\/\/i0.wp.com\/www.guyanova.kaissa-consulting.fr\/wp-content\/uploads\/2025\/07\/image-1.png?resize=245%2C300&amp;ssl=1 245w\" sizes=\"auto, (max-width: 348px) 100vw, 348px\" \/><\/figure><div class=\"wp-block-media-text__content\">\n<p>Bonjour et bienvenue chez <strong>Guyanova<\/strong>\u202f! Je suis <strong>Yanina<\/strong>, votre guide IA.<br>Je suis l\u00e0 pour vous accompagner : que vous souhaitiez d\u00e9couvrir notre projet, poser une question sur la sant\u00e9 en Guyane, ou en apprendre plus sur nos partenaires et m\u00e9thodes, je suis \u00e0 votre \u00e9coute. \ud83d\ude0a<br>N\u2019h\u00e9sitez pas \u00e0 me demander\u202f: <strong>\u00ab\u202fQui sont les partenaires\u202f?\u202f\u00bb<\/strong>, <strong>\u00ab\u202fQuels sont les objectifs de Guyanova ?\u202f\u00bb<\/strong>, <strong>\u00ab\u202fComment participer\u202f?\u202f\u00bb<\/strong><\/p>\n<\/div><\/div>\n\n\n<div class='mwai-chatbot-container' data-params='{&quot;aiName&quot;:&quot;Yanina&quot;,&quot;userName&quot;:&quot;Vous&quot;,&quot;guestName&quot;:&quot;Vous&quot;,&quot;textSend&quot;:&quot;Envoi&quot;,&quot;textClear&quot;:&quot;Effacer&quot;,&quot;imageUpload&quot;:false,&quot;fileUpload&quot;:false,&quot;multiUpload&quot;:false,&quot;maxUploads&quot;:1,&quot;fileUploads&quot;:0,&quot;mode&quot;:&quot;chat&quot;,&quot;textInputPlaceholder&quot;:&quot;Votre question&quot;,&quot;textInputMaxLength&quot;:512,&quot;textCompliance&quot;:&quot;&quot;,&quot;startSentence&quot;:&quot;Bonjour, je suis Yanina, agent conversationnel pour vous aider \\u00e0 mieux comprendre le projet Guyanova visant au d\\u00e9ploiement de l&#039;IA en sant\\u00e9 en Guyane.&quot;,&quot;localMemory&quot;:true,&quot;themeId&quot;:&quot;messages&quot;,&quot;window&quot;:false,&quot;icon&quot;:&quot;&quot;,&quot;iconText&quot;:&quot;&quot;,&quot;iconTextDelay&quot;:1,&quot;iconAlt&quot;:&quot;AI Engine Chatbot&quot;,&quot;iconPosition&quot;:&quot;bottom-right&quot;,&quot;centerOpen&quot;:false,&quot;width&quot;:&quot;&quot;,&quot;openDelay&quot;:&quot;&quot;,&quot;iconBubble&quot;:false,&quot;windowAnimation&quot;:&quot;zoom&quot;,&quot;fullscreen&quot;:false,&quot;copyButton&quot;:false,&quot;headerSubtitle&quot;:&quot;Discuss with&quot;,&quot;containerType&quot;:&quot;standard&quot;,&quot;headerType&quot;:&quot;standard&quot;,&quot;messagesType&quot;:&quot;standard&quot;,&quot;inputType&quot;:&quot;standard&quot;,&quot;footerType&quot;:&quot;standard&quot;}' data-system='{&quot;botId&quot;:&quot;default&quot;,&quot;customId&quot;:null,&quot;userData&quot;:null,&quot;sessionId&quot;:&quot;69e04bfe11202&quot;,&quot;restNonce&quot;:null,&quot;contextId&quot;:154,&quot;pluginUrl&quot;:&quot;https:\\\/\\\/www.guyanova.kaissa-consulting.fr\\\/wp-content\\\/plugins\\\/ai-engine-pro\\\/&quot;,&quot;restUrl&quot;:&quot;https:\\\/\\\/www.guyanova.kaissa-consulting.fr\\\/index.php\\\/wp-json&quot;,&quot;stream&quot;:true,&quot;debugMode&quot;:false,&quot;eventLogs&quot;:false,&quot;speech_recognition&quot;:true,&quot;speech_synthesis&quot;:false,&quot;typewriter&quot;:false,&quot;crossSite&quot;:false,&quot;actions&quot;:[],&quot;blocks&quot;:[],&quot;shortcuts&quot;:[]}' data-theme='{&quot;type&quot;:&quot;internal&quot;,&quot;name&quot;:&quot;Messages&quot;,&quot;themeId&quot;:&quot;messages&quot;,&quot;settings&quot;:[],&quot;style&quot;:&quot;&quot;,&quot;cssUrl&quot;:&quot;https:\\\/\\\/www.guyanova.kaissa-consulting.fr\\\/wp-content\\\/plugins\\\/ai-engine-pro\\\/themes\\\/messages.css&quot;}'><\/div>\n\n\n\n<p><\/p>\n","protected":false},"excerpt":{"rendered":"<p>Bonjour et bienvenue chez Guyanova\u202f! Je suis Yanina, votre guide IA.Je suis l\u00e0 pour vous accompagner : que vous souhaitiez d\u00e9couvrir notre projet, poser une question sur la sant\u00e9 en Guyane, ou en apprendre plus sur nos partenaires et m\u00e9thodes, je suis \u00e0 votre \u00e9coute. \ud83d\ude0aN\u2019h\u00e9sitez pas \u00e0 me demander\u202f: \u00ab\u202fQui sont les partenaires\u202f?\u202f\u00bb, \u00ab\u202fQuels&hellip; <br \/> <a class=\"read-more\" href=\"https:\/\/www.guyanova.kaissa-consulting.fr\/index.php\/yanina-agent-ia-pour-mieux-comprendre-guyanovo\/\">Read more<\/a><\/p>\n","protected":false},"author":1,"featured_media":0,"parent":0,"menu_order":0,"comment_status":"closed","ping_status":"closed","template":"","meta":{"advanced_seo_description":"","jetpack_seo_html_title":"","jetpack_seo_noindex":false,"footnotes":""},"class_list":["post-154","page","type-page","status-publish","hentry"],"jetpack_sharing_enabled":true,"_links":{"self":[{"href":"https:\/\/www.guyanova.kaissa-consulting.fr\/index.php\/wp-json\/wp\/v2\/pages\/154","targetHints":{"allow":["GET"]}}],"collection":[{"href":"https:\/\/www.guyanova.kaissa-consulting.fr\/index.php\/wp-json\/wp\/v2\/pages"}],"about":[{"href":"https:\/\/www.guyanova.kaissa-consulting.fr\/index.php\/wp-json\/wp\/v2\/types\/page"}],"author":[{"embeddable":true,"href":"https:\/\/www.guyanova.kaissa-consulting.fr\/index.php\/wp-json\/wp\/v2\/users\/1"}],"replies":[{"embeddable":true,"href":"https:\/\/www.guyanova.kaissa-consulting.fr\/index.php\/wp-json\/wp\/v2\/comments?post=154"}],"version-history":[{"count":6,"href":"https:\/\/www.guyanova.kaissa-consulting.fr\/index.php\/wp-json\/wp\/v2\/pages\/154\/revisions"}],"predecessor-version":[{"id":257,"href":"https:\/\/www.guyanova.kaissa-consulting.fr\/index.php\/wp-json\/wp\/v2\/pages\/154\/revisions\/257"}],"wp:attachment":[{"href":"https:\/\/www.guyanova.kaissa-consulting.fr\/index.php\/wp-json\/wp\/v2\/media?parent=154"}],"curies":[{"name":"wp","href":"https:\/\/api.w.org\/{rel}","templated":true}]}}